{"id":117,"date":"2022-07-11T11:10:06","date_gmt":"2022-07-11T09:10:06","guid":{"rendered":"https:\/\/footner.be\/footner\/"},"modified":"2025-06-18T14:09:57","modified_gmt":"2025-06-18T12:09:57","slug":"footner","status":"publish","type":"page","link":"https:\/\/footner.be\/fr\/","title":{"rendered":"Page d&#8217;accueil"},"content":{"rendered":"\n<div class=\"wp-block-group is-layout-flow wp-block-group-is-layout-flow\">\n<div class=\"wp-block-karopharma-product-promotion text-align-right pt-medium pb-medium bg-center bg-cover bg-no-repeat  is-style-primary\" style=\"background-image:url()\"><div class=\"container max-w-medium\">\n<div class=\"wp-block-group is-layout-flow wp-block-group-is-layout-flow\">\n<div class=\"wp-block-group is-layout-flow wp-block-group-is-layout-flow\">\n<figure class=\"wp-block-image size-large is-resized\"><img loading=\"lazy\" decoding=\"async\" width=\"512\" height=\"1024\" src=\"https:\/\/footner.be\/app\/uploads\/2022\/07\/footner_exfoliatingsocks_1906-512x1024.png\" alt=\"Footner exfoliatingsocks\" class=\"wp-image-51\" style=\"width:256px;height:512px\" srcset=\"https:\/\/footner.be\/app\/uploads\/2022\/07\/footner_exfoliatingsocks_1906-512x1024.png 512w, https:\/\/footner.be\/app\/uploads\/2022\/07\/footner_exfoliatingsocks_1906-600x1200.png 600w, https:\/\/footner.be\/app\/uploads\/2022\/07\/footner_exfoliatingsocks_1906-160x320.png 160w, https:\/\/footner.be\/app\/uploads\/2022\/07\/footner_exfoliatingsocks_1906-768x1536.png 768w, https:\/\/footner.be\/app\/uploads\/2022\/07\/footner_exfoliatingsocks_1906-1024x2048.png 1024w, https:\/\/footner.be\/app\/uploads\/2022\/07\/footner_exfoliatingsocks_1906.png 1300w\" sizes=\"auto, (max-width: 512px) 100vw, 512px\" \/><\/figure>\n<\/div>\n<\/div>\n\n\n\n<div class=\"wp-block-group is-layout-flow wp-block-group-is-layout-flow\">\n<h1 class=\"wp-block-heading has-text-align-center title is-style-heading-huge\">Pour des pieds tout doux<\/h1>\n\n\n\n<h2 class=\"wp-block-heading has-text-align-center heading is-style-heading-h4\">Footner Chaussettes Exfoliantes<\/h2>\n\n\n\n<p><\/p>\n\n\n\n<div class=\"wp-block-group is-layout-flow wp-block-group-is-layout-flow\">\n<ul class=\"wp-block-list is-style-icon\">\n<li>Des pieds ultradoux en une seule application<\/li>\n\n\n\n<li>Elimine callosit\u00e9s et peau dure sans effort<\/li>\n\n\n\n<li>Geen voetvijlen, geen cr\u00e8mes, geen gedoe<\/li>\n<\/ul>\n<\/div>\n\n\n\n<div class=\"wp-block-buttons is-layout-flex wp-block-buttons-is-layout-flex\">\n<div class=\"wp-block-button is-style-primary-button aligncenter\"><a class=\"wp-block-button__link has-white-color has-secondary-background-color has-text-color has-background wp-element-button\" href=\"https:\/\/footner.be\/fr\/produit\/footner-chaussettes-exfoliantes\/\">En savoir plus<\/a><\/div>\n<\/div>\n<\/div>\n<\/div><\/div>\n<\/div>\n\n\n\n<div class=\"wp-block-karopharma-free-text pt-large pb-large bg-center bg-cover bg-no-repeat bg-box\" style=\"background-image:url(https:\/\/footner.be\/cdn-cgi\/image\/format=auto\/app\/uploads\/2022\/07\/start-footner.jpg)\"><div class=\"free-text-wrapper container max-w-medium text-center\">\n<h2 class=\"wp-block-heading is-style-heading-huge\">Tr\u00e8s facile \u00e0 utiliser<\/h2>\n\n\n\n<p>L\u2019utilisation des Chaussettes exfoliantes Footner est une solution simple et rapide pour se d\u00e9barrasser de la peau dure, s\u00e8che et fissur\u00e9e ! Produit r\u00e9volutionnaire pour des pieds ultradoux en une seule application de 60 minutes.<\/p>\n<\/div><\/div>\n\n\n\n<section class=\"wp-block-karopharma-image-with-text image-with-text image-with-text__full-width is-style-primary\"><div class=\"image-with-text-container \"><div class=\"image-with-text-container-image-container\"><img decoding=\"async\" loading=\"lazy\" src=\"https:\/\/footner.be\/cdn-cgi\/image\/format=auto\/app\/uploads\/2022\/07\/footner-exfoliation-socks.jpeg\" alt=\"footner-exfoliation-socks\"\/><\/div><div class=\"image-with-text-container-content\" style=\"text-align:left\" data-test=\"content\"><div class=\"content\"><h2>Pourquoi avons-nous les pieds fatigu\u00e9s, br\u00fblants et douloureux?<\/h2><p class=\"body\" data-test=\"body\">La recherche a montr\u00e9 que ceux qui ont des arcs enfonc\u00e9s, ou plus correctement une surpronation exprim\u00e9e, utilisent plus d\u2019\u00e9nergie pour marcher, ce qui rend les pieds plus fatigu\u00e9s apr\u00e8s une longue journ\u00e9e que les pieds normaux. Bien s\u00fbr, nos pieds sont affect\u00e9s par la marche intense ou la station debout pendant de longues p\u00e9riodes. D\u2019autres facteurs peuvent \u00eatre des chaussures mal ajust\u00e9es ou mal amorties, ou des chaussettes trop serr\u00e9es. Une circulation sanguine r\u00e9duite dans les chevilles et les pieds peut \u00e9galement rendre les pieds fatigu\u00e9s et douloureux.<\/p>\n<div class=\"wp-block-buttons is-layout-flex wp-block-buttons-is-layout-flex\">\n<div class=\"wp-block-button is-style-secondary-button\"><a class=\"wp-block-button__link wp-element-button\" href=\"https:\/\/footner.be\/fr\/a-propos-de-footner\/\">\u00c0 propos de Footner<\/a><\/div>\n<\/div>\n<\/div><\/div><\/div><\/section>\n","protected":false},"excerpt":{"rendered":"","protected":false},"author":6,"featured_media":0,"parent":0,"menu_order":0,"comment_status":"closed","ping_status":"closed","template":"","meta":{"_acf_changed":false,"footnotes":""},"from-article-database":[],"class_list":["post-117","page","type-page","status-publish","hentry"],"acf":[],"yoast_head":"<!-- This site is optimized with the Yoast SEO plugin v26.6 - https:\/\/yoast.com\/wordpress\/plugins\/seo\/ -->\n<title>Page d&#039;accueil - Footner<\/title>\n<meta name=\"description\" content=\"Une apparence fra\u00eeche et saine de vos pieds\" \/>\n<meta name=\"robots\" content=\"index, follow, max-snippet:-1, max-image-preview:large, max-video-preview:-1\" \/>\n<link rel=\"canonical\" href=\"https:\/\/footner.be\/fr\/\" \/>\n<meta property=\"og:locale\" content=\"fr_FR\" \/>\n<meta property=\"og:type\" content=\"article\" \/>\n<meta property=\"og:title\" content=\"Page d&#039;accueil - Footner\" \/>\n<meta property=\"og:description\" content=\"Une apparence fra\u00eeche et saine de vos pieds\" \/>\n<meta property=\"og:url\" content=\"https:\/\/footner.be\/fr\/\" \/>\n<meta property=\"og:site_name\" content=\"Footner\" \/>\n<meta property=\"article:modified_time\" content=\"2025-06-18T12:09:57+00:00\" \/>\n<meta property=\"og:image\" content=\"https:\/\/footner.be\/app\/uploads\/2022\/07\/footner_exfoliatingsocks_1906-512x1024.png\" \/>\n\t<meta property=\"og:image:width\" content=\"512\" \/>\n\t<meta property=\"og:image:height\" content=\"1024\" \/>\n\t<meta property=\"og:image:type\" content=\"image\/png\" \/>\n<meta name=\"twitter:card\" content=\"summary_large_image\" \/>\n<meta name=\"twitter:label1\" content=\"Est. reading time\" \/>\n\t<meta name=\"twitter:data1\" content=\"2 minutes\" \/>\n<script type=\"application\/ld+json\" class=\"yoast-schema-graph\">{\"@context\":\"https:\/\/schema.org\",\"@graph\":[{\"@type\":\"WebPage\",\"@id\":\"https:\/\/footner.be\/fr\/\",\"url\":\"https:\/\/footner.be\/fr\/\",\"name\":\"Page d'accueil - Footner\",\"isPartOf\":{\"@id\":\"https:\/\/footner.be\/fr\/#website\"},\"primaryImageOfPage\":{\"@id\":\"https:\/\/footner.be\/fr\/#primaryimage\"},\"image\":{\"@id\":\"https:\/\/footner.be\/fr\/#primaryimage\"},\"thumbnailUrl\":\"https:\/\/footner.be\/app\/uploads\/2022\/07\/footner_exfoliatingsocks_1906-512x1024.png\",\"datePublished\":\"2022-07-11T09:10:06+00:00\",\"dateModified\":\"2025-06-18T12:09:57+00:00\",\"description\":\"Une apparence fra\u00eeche et saine de vos pieds\",\"breadcrumb\":{\"@id\":\"https:\/\/footner.be\/fr\/#breadcrumb\"},\"inLanguage\":\"fr-BE\",\"potentialAction\":[{\"@type\":\"ReadAction\",\"target\":[\"https:\/\/footner.be\/fr\/\"]}]},{\"@type\":\"ImageObject\",\"inLanguage\":\"fr-BE\",\"@id\":\"https:\/\/footner.be\/fr\/#primaryimage\",\"url\":\"https:\/\/footner.be\/app\/uploads\/2022\/07\/footner_exfoliatingsocks_1906-512x1024.png\",\"contentUrl\":\"https:\/\/footner.be\/app\/uploads\/2022\/07\/footner_exfoliatingsocks_1906-512x1024.png\"},{\"@type\":\"BreadcrumbList\",\"@id\":\"https:\/\/footner.be\/fr\/#breadcrumb\",\"itemListElement\":[{\"@type\":\"ListItem\",\"position\":1,\"name\":\"Home\",\"item\":\"https:\/\/footner.be\/fr\/\"},{\"@type\":\"ListItem\",\"position\":2,\"name\":\"Page d&#8217;accueil\"}]},{\"@type\":\"WebSite\",\"@id\":\"https:\/\/footner.be\/fr\/#website\",\"url\":\"https:\/\/footner.be\/fr\/\",\"name\":\"Footner\",\"description\":\"\",\"publisher\":{\"@id\":\"https:\/\/footner.be\/fr\/#organization\"},\"potentialAction\":[{\"@type\":\"SearchAction\",\"target\":{\"@type\":\"EntryPoint\",\"urlTemplate\":\"https:\/\/footner.be\/fr\/?s={search_term_string}\"},\"query-input\":{\"@type\":\"PropertyValueSpecification\",\"valueRequired\":true,\"valueName\":\"search_term_string\"}}],\"inLanguage\":\"fr-BE\"},{\"@type\":\"Organization\",\"@id\":\"https:\/\/footner.be\/fr\/#organization\",\"name\":\"Footner\",\"url\":\"https:\/\/footner.be\/fr\/\",\"logo\":{\"@type\":\"ImageObject\",\"inLanguage\":\"fr-BE\",\"@id\":\"https:\/\/footner.be\/fr\/#\/schema\/logo\/image\/\",\"url\":\"https:\/\/footner.be\/app\/uploads\/2022\/07\/footner-logotype.png\",\"contentUrl\":\"https:\/\/footner.be\/app\/uploads\/2022\/07\/footner-logotype.png\",\"width\":144,\"height\":32,\"caption\":\"Footner\"},\"image\":{\"@id\":\"https:\/\/footner.be\/fr\/#\/schema\/logo\/image\/\"}}]}<\/script>\n<!-- \/ Yoast SEO plugin. -->","yoast_head_json":{"title":"Page d'accueil - Footner","description":"Une apparence fra\u00eeche et saine de vos pieds","robots":{"index":"index","follow":"follow","max-snippet":"max-snippet:-1","max-image-preview":"max-image-preview:large","max-video-preview":"max-video-preview:-1"},"canonical":"https:\/\/footner.be\/fr\/","og_locale":"fr_FR","og_type":"article","og_title":"Page d'accueil - Footner","og_description":"Une apparence fra\u00eeche et saine de vos pieds","og_url":"https:\/\/footner.be\/fr\/","og_site_name":"Footner","article_modified_time":"2025-06-18T12:09:57+00:00","og_image":[{"width":512,"height":1024,"url":"https:\/\/footner.be\/app\/uploads\/2022\/07\/footner_exfoliatingsocks_1906-512x1024.png","type":"image\/png"}],"twitter_card":"summary_large_image","twitter_misc":{"Est. reading time":"2 minutes"},"schema":{"@context":"https:\/\/schema.org","@graph":[{"@type":"WebPage","@id":"https:\/\/footner.be\/fr\/","url":"https:\/\/footner.be\/fr\/","name":"Page d'accueil - Footner","isPartOf":{"@id":"https:\/\/footner.be\/fr\/#website"},"primaryImageOfPage":{"@id":"https:\/\/footner.be\/fr\/#primaryimage"},"image":{"@id":"https:\/\/footner.be\/fr\/#primaryimage"},"thumbnailUrl":"https:\/\/footner.be\/app\/uploads\/2022\/07\/footner_exfoliatingsocks_1906-512x1024.png","datePublished":"2022-07-11T09:10:06+00:00","dateModified":"2025-06-18T12:09:57+00:00","description":"Une apparence fra\u00eeche et saine de vos pieds","breadcrumb":{"@id":"https:\/\/footner.be\/fr\/#breadcrumb"},"inLanguage":"fr-BE","potentialAction":[{"@type":"ReadAction","target":["https:\/\/footner.be\/fr\/"]}]},{"@type":"ImageObject","inLanguage":"fr-BE","@id":"https:\/\/footner.be\/fr\/#primaryimage","url":"https:\/\/footner.be\/app\/uploads\/2022\/07\/footner_exfoliatingsocks_1906-512x1024.png","contentUrl":"https:\/\/footner.be\/app\/uploads\/2022\/07\/footner_exfoliatingsocks_1906-512x1024.png"},{"@type":"BreadcrumbList","@id":"https:\/\/footner.be\/fr\/#breadcrumb","itemListElement":[{"@type":"ListItem","position":1,"name":"Home","item":"https:\/\/footner.be\/fr\/"},{"@type":"ListItem","position":2,"name":"Page d&#8217;accueil"}]},{"@type":"WebSite","@id":"https:\/\/footner.be\/fr\/#website","url":"https:\/\/footner.be\/fr\/","name":"Footner","description":"","publisher":{"@id":"https:\/\/footner.be\/fr\/#organization"},"potentialAction":[{"@type":"SearchAction","target":{"@type":"EntryPoint","urlTemplate":"https:\/\/footner.be\/fr\/?s={search_term_string}"},"query-input":{"@type":"PropertyValueSpecification","valueRequired":true,"valueName":"search_term_string"}}],"inLanguage":"fr-BE"},{"@type":"Organization","@id":"https:\/\/footner.be\/fr\/#organization","name":"Footner","url":"https:\/\/footner.be\/fr\/","logo":{"@type":"ImageObject","inLanguage":"fr-BE","@id":"https:\/\/footner.be\/fr\/#\/schema\/logo\/image\/","url":"https:\/\/footner.be\/app\/uploads\/2022\/07\/footner-logotype.png","contentUrl":"https:\/\/footner.be\/app\/uploads\/2022\/07\/footner-logotype.png","width":144,"height":32,"caption":"Footner"},"image":{"@id":"https:\/\/footner.be\/fr\/#\/schema\/logo\/image\/"}}]}},"_links":{"self":[{"href":"https:\/\/footner.be\/fr\/wp-json\/wp\/v2\/pages\/117","targetHints":{"allow":["GET"]}}],"collection":[{"href":"https:\/\/footner.be\/fr\/wp-json\/wp\/v2\/pages"}],"about":[{"href":"https:\/\/footner.be\/fr\/wp-json\/wp\/v2\/types\/page"}],"author":[{"embeddable":true,"href":"https:\/\/footner.be\/fr\/wp-json\/wp\/v2\/users\/6"}],"replies":[{"embeddable":true,"href":"https:\/\/footner.be\/fr\/wp-json\/wp\/v2\/comments?post=117"}],"version-history":[{"count":9,"href":"https:\/\/footner.be\/fr\/wp-json\/wp\/v2\/pages\/117\/revisions"}],"predecessor-version":[{"id":398,"href":"https:\/\/footner.be\/fr\/wp-json\/wp\/v2\/pages\/117\/revisions\/398"}],"wp:attachment":[{"href":"https:\/\/footner.be\/fr\/wp-json\/wp\/v2\/media?parent=117"}],"wp:term":[{"taxonomy":"from-article-database","embeddable":true,"href":"https:\/\/footner.be\/fr\/wp-json\/wp\/v2\/from-article-database?post=117"}],"curies":[{"name":"wp","href":"https:\/\/api.w.org\/{rel}","templated":true}]}}