{"id":132,"date":"2022-07-15T10:39:40","date_gmt":"2022-07-15T08:39:40","guid":{"rendered":"https:\/\/footner.be\/faq\/"},"modified":"2025-06-18T14:13:10","modified_gmt":"2025-06-18T12:13:10","slug":"faq","status":"publish","type":"page","link":"https:\/\/footner.be\/fr\/faq\/","title":{"rendered":"FAQ"},"content":{"rendered":"\n<div class=\"wp-block-karopharma-free-text pt-large pb-large bg-center bg-cover bg-no-repeat\" style=\"background-image:url()\"><div class=\"free-text-wrapper container max-w-medium text-left\">\n<h1 class=\"wp-block-heading has-text-align-center\">FAQ<\/h1>\n\n\n\n<p class=\"has-text-align-center is-style-paragraph-preamble\">Questions fr\u00e9quemment pos\u00e9es<\/p>\n<\/div><\/div>\n\n\n\n<div class=\"wp-block-karopharma-accordions is-style-primary\"><div class=\"container\">\n<details class=\"wp-block-karopharma-accordion\"><summary><h2 class=\"accordion-title\">Les chaussettes exfoliantes Footner peuvent-elles s\u2019employer plus d\u2019une fois?<\/h2><\/summary><div class=\"accordion-content\">\n<p>Non.<\/p>\n\n\n\n<p>Les chaussettes Footner sont con\u00e7ues pour une seule application. Jeter les chaussettes exfoliantes apr\u00e8s l&#8217;emploi.<\/p>\n<\/div><\/details>\n\n\n\n<details class=\"wp-block-karopharma-accordion\"><summary><h2 class=\"accordion-title\">Puis-je utiliser les chaussettes Footner si j&#8217;ai les talons crevass\u00e9s?<\/h2><\/summary><div class=\"accordion-content\">\n<p>Vous pouvez utiliser les chaussettes exfoliantes Footner si vous avez les talons crevass\u00e9s. Toutefois, la lotion est acide et certaines personnes pourraient la trouver irritante au niveau des fissures dans la peau. Si ces derni\u00e8res sont profondes, nous d\u00e9conseillons l\u2019emploi des chaussettes exfoliantes Footner, car l\u2019irritation pourrait s\u2019av\u00e9rer incommodante.<\/p>\n\n\n\n<p>Vous pouvez utiliser les chaussettes exfoliantes Footner si vous avez les talons crevass\u00e9s. Toutefois, la lotion est acide et certaines personnes pourraient la trouver irritante au niveau des fissures dans la peau. Si ces derni\u00e8res sont profondes, nous d\u00e9conseillons l\u2019emploi des chaussettes exfoliantes Footner, car l\u2019irritation pourrait s\u2019av\u00e9rer incommodante.<\/p>\n<\/div><\/details>\n\n\n\n<details class=\"wp-block-karopharma-accordion\"><summary><h2 class=\"accordion-title\">Combien de temps dure le processus d\u2019exfoliation en entier?<\/h2><\/summary><div class=\"accordion-content\">\n<p>L\u2019exfoliation la plus frappante s\u2019effectue au cours des quelques premiers jours, o\u00f9 les cellules mortes commencent \u00e0 se d\u00e9tacher. La peau morte s\u2019enl\u00e8ve en grosses lamelles. Ensuite, ce sont de petits fragments seulement qui se d\u00e9tachent. Le processus dure normalement 7 \u00e0 20 jours du d\u00e9but \u00e0 la fin.<\/p>\n<\/div><\/details>\n\n\n\n<details class=\"wp-block-karopharma-accordion\"><summary><h2 class=\"accordion-title\">Et si je ne veux pas que toute la peau se d\u00e9tache de mes pieds?<\/h2><\/summary><div class=\"accordion-content\">\n<p>Seule la peau morte se d\u00e9tachera. L\u2019exfoliation sera donc plus \u00e9vidente sur le talon que sur le dessus du pied, puisqu\u2019il y a normalement plus de peau morte sur le talon. Seuls de petits fragments de cellules mortes se d\u00e9tacheront. N\u2019oubliez pas que nous avons de la peau morte partout sur le corps et que cela fait partie du cycle de renouvellement naturel de la peau. L&#8217;intensit\u00e9 diff\u00e8re selon les parties du pied. Pour pr\u00e9venir l\u2019exfoliation sur le dessus des pieds, veuillez appliquer de la Vaseline \u00e0 cet endroit avant d&#8217;enfiler les chaussettes exfoliantes Footner.<\/p>\n<\/div><\/details>\n\n\n\n<details class=\"wp-block-karopharma-accordion\"><summary><h2 class=\"accordion-title\">Puis-je m\u2019exposer au soleil apr\u00e8s le processus d\u2019exfoliation?<\/h2><\/summary><div class=\"accordion-content\">\n<p>Vous pouvez poursuivre vos activit\u00e9s habituelles, y compris les baignades etc. Toutefois, il se peut que votre peau soit sensible pendant quelques jours apr\u00e8s l\u2019exfoliation. C\u2019est pourquoi nous vous conseillons de prot\u00e9ger vos pieds du soleil pendant au moins une semaine une fois le processus d\u2019exfoliation termin\u00e9. C&#8217;est le m\u00eame principe qu&#8217;apr\u00e8s un coup de soleil. La peau br\u00fbl\u00e9e par le soleil se d\u00e9tache, apr\u00e8s quoi vous essayez d\u2019\u00e9viter d\u2019exposer aux rayons du soleil la peau neuve et plus sensible.<\/p>\n<\/div><\/details>\n\n\n\n<details class=\"wp-block-karopharma-accordion\"><summary><h2 class=\"accordion-title\">Pendant combien de temps dois-je laisser les chaussettes exfoliantes Footner en place?<\/h2><\/summary><div class=\"accordion-content\">\n<p>Nous conseillons de laisser les chaussettes exfoliantes en place pendant 60 minutes. Si possible et pour obtenir les meilleurs r\u00e9sultats, laissez tremper les pieds dans de l\u2019eau ti\u00e8de une trentaine de minutes tous les jours pendant les 4 ou 5 jours suivant la premi\u00e8re application. Il n\u2019est pas n\u00e9cessaire de le faire, mais le processus d\u2019exfoliation se produira plus rapidement.<\/p>\n<\/div><\/details>\n\n\n\n<details class=\"wp-block-karopharma-accordion\"><summary><h2 class=\"accordion-title\">Combien de temps dois-je attendre avant de voir les r\u00e9sultats des divers produits Footner?<\/h2><\/summary><div class=\"accordion-content\">\n<p>Le processus d\u2019exfoliation peut mettre cinq \u00e0 sept jours \u00e0 d\u00e9marrer, selon la texture de la peau. Les r\u00e9sultats se voient plus rapidement chez les personnes dont la peau est tr\u00e8s mince, moins rapidement en pr\u00e9sence d\u2019une accumulation de callosit\u00e9s.<\/p>\n<\/div><\/details>\n\n\n\n<details class=\"wp-block-karopharma-accordion\"><summary><h2 class=\"accordion-title\">Pour quelle taille de pieds les chaussettes exfoliantes Footner conviennent-elles?<\/h2><\/summary><div class=\"accordion-content\">\n<p>Il y a une taille disponible : Taille : Pointure europ\u00e9enne de chaussure max. : 48<\/p>\n<\/div><\/details>\n\n\n\n<details class=\"wp-block-karopharma-accordion\"><summary><h2 class=\"accordion-title\">Combien de temps dois-je attendre avant de voir les r\u00e9sultats des chaussettes exfoliantes Footner?<\/h2><\/summary><div class=\"accordion-content\">\n<p>Le processus d\u2019exfoliation peut mettre cinq \u00e0 sept jours \u00e0 d\u00e9marrer, selon la texture de la peau. Les r\u00e9sultats se voient plus rapidement chez les personnes dont la peau est tr\u00e8s mince, moins rapidement en pr\u00e9sence d\u2019une accumulation de callosit\u00e9s.<\/p>\n<\/div><\/details>\n\n\n\n<details class=\"wp-block-karopharma-accordion\"><summary><h2 class=\"accordion-title\">Les chaussettes Footner sont-elles efficaces contre les cors et les verrues?<\/h2><\/summary><div class=\"accordion-content\">\n<p>Les chaussettes exfoliantes Footner n\u2019ont pas \u00e9t\u00e9 con\u00e7ues pour traiter les cors et les verrues. N\u00e9anmoins, ce produit adoucit la peau autour des cors. Certains consommateurs ont pu ensuite d\u00e9tacher le cor ais\u00e9ment et sans douleur.<\/p>\n<\/div><\/details>\n\n\n\n<details class=\"wp-block-karopharma-accordion\"><summary><h2 class=\"accordion-title\">Que se produit-il pendant l\u2019exfoliation?<\/h2><\/summary><div class=\"accordion-content\">\n<p>Pendant le processus d\u2019exfoliation, les couches de peau morte s\u2019effritent et se d\u00e9tachent. Vos pieds sont ainsi d\u00e9barrass\u00e9s de la peau morte ou durcie. Ce r\u00e9sultat peut \u00eatre compar\u00e9 \u00e0 la mue d&#8217;un serpent, laissant derri\u00e8re lui sa vieille peau dure.<\/p>\n<\/div><\/details>\n\n\n\n<details class=\"wp-block-karopharma-accordion\"><summary><h2 class=\"accordion-title\">Combien de temps dure le processus d\u2019exfoliation en entier?<\/h2><\/summary><div class=\"accordion-content\">\n<p>L\u2019exfoliation la plus frappante s\u2019effectue au cours des quelques premiers jours, o\u00f9 les cellules mortes commencent \u00e0 se d\u00e9tacher. La peau morte s\u2019enl\u00e8ve en grosses lamelles. Ensuite, ce sont de petits fragments seulement qui se d\u00e9tachent. Le processus dure normalement 7 \u00e0 20 jours du d\u00e9but \u00e0 la fin.<\/p>\n<\/div><\/details>\n\n\n\n<details class=\"wp-block-karopharma-accordion\"><summary><h2 class=\"accordion-title\">Les personnes \u00e0 la peau sensible peuvent-elles utiliser les chaussettes Footner?<\/h2><\/summary><div class=\"accordion-content\">\n<p>Les chaussettes exfoliantes Footner ne conviennent pas aux personnes ayant la peau sensible, surtout si elles sont sensibles \u00e0 l\u2019alcool, l\u2019un des ingr\u00e9dients du produit.<\/p>\n<\/div><\/details>\n\n\n\n<details class=\"wp-block-karopharma-accordion\"><summary><h2 class=\"accordion-title\">Peut-il arriver que la peau continue \u00e0 se d\u00e9tacher pendant plus de 30 jours?<\/h2><\/summary><div class=\"accordion-content\">\n<p>Cela s\u2019est produit chez quelques consommateurs. Les raisons possibles ne manquent pas, mais il est possible que la chaussette ait \u00e9t\u00e9 laiss\u00e9e en place plus longtemps que recommand\u00e9, pendant plus de deux heures, par exemple, ou la nature de la peau en soi pourrait avoir jou\u00e9 un r\u00f4le.<\/p>\n<\/div><\/details>\n\n\n\n<details class=\"wp-block-karopharma-accordion\"><summary><h2 class=\"accordion-title\">Les chaussettes Footner conviennent-elles aux femmes enceintes, aux femmes qui allaitent et aux patients diab\u00e9tiques?<\/h2><\/summary><div class=\"accordion-content\">\n<p>\u00c9tant donn\u00e9 que la peau est plus sensible pendant la grossesse et l\u2019allaitement, l\u2019utilisation des produits Footner est d\u00e9conseill\u00e9e pendant cette p\u00e9riode. Nous conseillons aux patients diab\u00e9tiques de toujours consulter leur m\u00e9decin g\u00e9n\u00e9raliste avant d\u2019essayer un nouveau produit pour le soin des pieds.<\/p>\n<\/div><\/details>\n\n\n\n<details class=\"wp-block-karopharma-accordion\"><summary><h2 class=\"accordion-title\">\u00c0 quelle fr\u00e9quence devrais-je utiliser les chaussettes Footner?<\/h2><\/summary><div class=\"accordion-content\">\n<p>Vous pouvez utiliser les chaussettes exfoliantes Footner chaque fois que vous voulez vous d\u00e9barrasser de la peau morte ou durcie. Nous vous conseillons d\u2019utiliser les chaussettes exfoliantes Footner tous les deux ou trois mois pour garder la peau des pieds douce et lisse.<\/p>\n<\/div><\/details>\n\n\n\n<details class=\"wp-block-karopharma-accordion\"><summary><h2 class=\"accordion-title\">Pourrai-je faire du sport apr\u00e8s avoir utilis\u00e9 les chaussettes Footner?<\/h2><\/summary><div class=\"accordion-content\">\n<p>Nous n\u2019avons pas re\u00e7u de plaintes de consommateurs disant qu\u2019ils n\u2019avaient pas pu poursuivre leurs activit\u00e9s habituelles en raison de la sensibilit\u00e9 de la peau apr\u00e8s l\u2019utilisation des chaussettes exfoliantes Footner. Si vous avez l\u2019habitude de porter des chaussures \u00e0 talons hauts, vous pourrez continuer \u00e0 le faire. Cependant, puisque la peau neuve est devenue plus sensible apr\u00e8s l\u2019exfoliation, nous d\u00e9conseillons les activit\u00e9s intensives et le port de chaussures possiblement irritantes pendant les quelques premiers jours apr\u00e8s l\u2019exfoliation. N\u2019oubliez pas que les callosit\u00e9s se forment en raison de la pression et du frottement occasionn\u00e9s par le port de chaussures mal ajust\u00e9es.<\/p>\n<\/div><\/details>\n<\/div><\/div>\n\n\n<div class=\"product-list wp-block-karopharma-product-list\" data-testid=\"product-list\">\n      <div class=\"swiper-container\">\n      <div class=\"swiper\">\n        <div class=\"swiper-wrapper\">\n                      <div class=\"swiper-slide\">\n              <div class=\"product-card\" data-testid=\"product-card\">\n  <a\n    href=https:\/\/footner.be\/fr\/produit\/footner-chaussettes-exfoliantes\/\n    class=\"product-card-link\"\n    title=\"Footner Chaussettes Exfoliantes\"\n  >\n  <figure class=\"product-card-image\" data-testid=\"product-image\">\n                          <img decoding=\"async\" src=\"https:\/\/footner.be\/cdn-cgi\/image\/width=700,format=auto\/app\/uploads\/2022\/07\/footner_exfoliatingsocks.png\"\n        srcset=\"https:\/\/footner.be\/cdn-cgi\/image\/width=250,format=auto\/app\/uploads\/2022\/07\/footner_exfoliatingsocks.png 250w,\n                https:\/\/footner.be\/cdn-cgi\/image\/width=500,format=auto\/app\/uploads\/2022\/07\/footner_exfoliatingsocks.png 500w,\n                https:\/\/footner.be\/cdn-cgi\/image\/width=700,format=auto\/app\/uploads\/2022\/07\/footner_exfoliatingsocks.png 700w\"\n        sizes=\"(max-width: 400px) 250px, (max-width: 800px) 500px, 700px\"\n        alt=\"Footner Chaussettes Exfoliantes\"\n        class=\"img\">\n            <\/figure>\n    <div class=\"product-card-content\">\n      <div class=\"heading-wrapper\">\n        <h2 class=\"heading\">Footner Chaussettes Exfoliantes<\/h2>\n      <\/div>\n      <div class=\"product-card-description\">R\u00e9duit les callosit\u00e9s sur les talons en un seul traitement.<\/div>\n                      <\/div>\n  <\/a>\n          <div class=\"button-wrapper buy-now \" data-testid=\"buy-now\">\n      <div class=\"buy-now-container dropdown-container\">\n      <div class=\"theme-button button-primary-color dropdown-link\" aria-label=\"Acheter maintenant\">\n          Acheter maintenant <i class=\"dropdown\"><\/i>\n      <\/div>\n      <ul class=\"reseller-list submenu\">\n                    <li>\n              <a\n                href=\"https:\/\/www.farmaline.be\/nl\/beauty-en-lichaamsverzorging\/BE03905452\/footner-exfoliating-socks-1pr.htm\" onclick=\"dataLayer.push({'event':'ga_event', 'eventCategory':'Click on Reseller', 'eventAction':'Farmaline', 'eventLabel':'Footner Chaussettes Exfoliantes', 'eventValue': undefined})\" rel=\"noopener\" target=\"_blank\" title=\"Farmaline\"\n                data-testid=\"buy-now-reseller\">\n                <i class=\"fa-solid fa-arrow-right\"><\/i> Farmaline\n              <\/a>\n          <\/li>\n                    <li>\n              <a\n                href=\"https:\/\/www.newpharma.be\/apotheek\/footner\/649113\/footner-exfolierende-sokken-1-paar.html\" onclick=\"dataLayer.push({'event':'ga_event', 'eventCategory':'Click on Reseller', 'eventAction':'Newpharma', 'eventLabel':'Footner Chaussettes Exfoliantes', 'eventValue': undefined})\" rel=\"noopener\" target=\"_blank\" title=\"Newpharma\"\n                data-testid=\"buy-now-reseller\">\n                <i class=\"fa-solid fa-arrow-right\"><\/i> Newpharma\n              <\/a>\n          <\/li>\n                    <li>\n              <a\n                href=\"https:\/\/www.pharmamarket.be\/be_nl\/footner-exfoliating-socks-1-paar.html\" onclick=\"dataLayer.push({'event':'ga_event', 'eventCategory':'Click on Reseller', 'eventAction':'PharmaMarket', 'eventLabel':'Footner Chaussettes Exfoliantes', 'eventValue': undefined})\" rel=\"noopener\" target=\"_blank\" title=\"PharmaMarket\"\n                data-testid=\"buy-now-reseller\">\n                <i class=\"fa-solid fa-arrow-right\"><\/i> PharmaMarket\n              <\/a>\n          <\/li>\n                    <li>\n              <a\n                href=\"https:\/\/www.viata.be\/footner-exfoliating-socks-kit-1-stuks-nl\" onclick=\"dataLayer.push({'event':'ga_event', 'eventCategory':'Click on Reseller', 'eventAction':'Viata', 'eventLabel':'Footner Chaussettes Exfoliantes', 'eventValue': undefined})\" rel=\"noopener\" target=\"_blank\" title=\"Viata\"\n                data-testid=\"buy-now-reseller\">\n                <i class=\"fa-solid fa-arrow-right\"><\/i> Viata\n              <\/a>\n          <\/li>\n                <\/ul>\n    <\/div>\n  <\/div>\n  <\/div>\n            <\/div>\n                  <\/div>\n        <div class=\"swiper-scrollbar\"><\/div>\n      <\/div>\n    <\/div>\n  <\/div>\n","protected":false},"excerpt":{"rendered":"","protected":false},"author":2,"featured_media":0,"parent":0,"menu_order":0,"comment_status":"closed","ping_status":"closed","template":"","meta":{"_acf_changed":false,"footnotes":""},"from-article-database":[],"class_list":["post-132","page","type-page","status-publish","hentry"],"acf":[],"yoast_head":"<!-- This site is optimized with the Yoast SEO plugin v26.6 - https:\/\/yoast.com\/wordpress\/plugins\/seo\/ -->\n<title>FAQ - Footner<\/title>\n<meta name=\"description\" content=\"Les chaussettes exfoliantes Footner peuvent-elles s\u2019employer plus d\u2019une fois? Puis-je utiliser les chaussettes Footner si j&#039;ai les talons crevass\u00e9s?\" \/>\n<meta name=\"robots\" content=\"index, follow, max-snippet:-1, max-image-preview:large, max-video-preview:-1\" \/>\n<link rel=\"canonical\" href=\"https:\/\/footner.be\/fr\/faq\/\" \/>\n<meta property=\"og:locale\" content=\"fr_FR\" \/>\n<meta property=\"og:type\" content=\"article\" \/>\n<meta property=\"og:title\" content=\"FAQ - Footner\" \/>\n<meta property=\"og:description\" content=\"Les chaussettes exfoliantes Footner peuvent-elles s\u2019employer plus d\u2019une fois? Puis-je utiliser les chaussettes Footner si j&#039;ai les talons crevass\u00e9s?\" \/>\n<meta property=\"og:url\" content=\"https:\/\/footner.be\/fr\/faq\/\" \/>\n<meta property=\"og:site_name\" content=\"Footner\" \/>\n<meta property=\"article:modified_time\" content=\"2025-06-18T12:13:10+00:00\" \/>\n<meta name=\"twitter:card\" content=\"summary_large_image\" \/>\n<meta name=\"twitter:label1\" content=\"Est. reading time\" \/>\n\t<meta name=\"twitter:data1\" content=\"5 minutes\" \/>\n<script type=\"application\/ld+json\" class=\"yoast-schema-graph\">{\"@context\":\"https:\/\/schema.org\",\"@graph\":[{\"@type\":\"WebPage\",\"@id\":\"https:\/\/footner.be\/fr\/faq\/\",\"url\":\"https:\/\/footner.be\/fr\/faq\/\",\"name\":\"FAQ - Footner\",\"isPartOf\":{\"@id\":\"https:\/\/footner.be\/fr\/#website\"},\"datePublished\":\"2022-07-15T08:39:40+00:00\",\"dateModified\":\"2025-06-18T12:13:10+00:00\",\"description\":\"Les chaussettes exfoliantes Footner peuvent-elles s\u2019employer plus d\u2019une fois? Puis-je utiliser les chaussettes Footner si j'ai les talons crevass\u00e9s?\",\"breadcrumb\":{\"@id\":\"https:\/\/footner.be\/fr\/faq\/#breadcrumb\"},\"inLanguage\":\"fr-BE\",\"potentialAction\":[{\"@type\":\"ReadAction\",\"target\":[\"https:\/\/footner.be\/fr\/faq\/\"]}]},{\"@type\":\"BreadcrumbList\",\"@id\":\"https:\/\/footner.be\/fr\/faq\/#breadcrumb\",\"itemListElement\":[{\"@type\":\"ListItem\",\"position\":1,\"name\":\"Home\",\"item\":\"https:\/\/footner.be\/fr\/\"},{\"@type\":\"ListItem\",\"position\":2,\"name\":\"FAQ\"}]},{\"@type\":\"WebSite\",\"@id\":\"https:\/\/footner.be\/fr\/#website\",\"url\":\"https:\/\/footner.be\/fr\/\",\"name\":\"Footner\",\"description\":\"\",\"publisher\":{\"@id\":\"https:\/\/footner.be\/fr\/#organization\"},\"potentialAction\":[{\"@type\":\"SearchAction\",\"target\":{\"@type\":\"EntryPoint\",\"urlTemplate\":\"https:\/\/footner.be\/fr\/?s={search_term_string}\"},\"query-input\":{\"@type\":\"PropertyValueSpecification\",\"valueRequired\":true,\"valueName\":\"search_term_string\"}}],\"inLanguage\":\"fr-BE\"},{\"@type\":\"Organization\",\"@id\":\"https:\/\/footner.be\/fr\/#organization\",\"name\":\"Footner\",\"url\":\"https:\/\/footner.be\/fr\/\",\"logo\":{\"@type\":\"ImageObject\",\"inLanguage\":\"fr-BE\",\"@id\":\"https:\/\/footner.be\/fr\/#\/schema\/logo\/image\/\",\"url\":\"https:\/\/footner.be\/app\/uploads\/2022\/07\/footner-logotype.png\",\"contentUrl\":\"https:\/\/footner.be\/app\/uploads\/2022\/07\/footner-logotype.png\",\"width\":144,\"height\":32,\"caption\":\"Footner\"},\"image\":{\"@id\":\"https:\/\/footner.be\/fr\/#\/schema\/logo\/image\/\"}}]}<\/script>\n<!-- \/ Yoast SEO plugin. -->","yoast_head_json":{"title":"FAQ - Footner","description":"Les chaussettes exfoliantes Footner peuvent-elles s\u2019employer plus d\u2019une fois? Puis-je utiliser les chaussettes Footner si j'ai les talons crevass\u00e9s?","robots":{"index":"index","follow":"follow","max-snippet":"max-snippet:-1","max-image-preview":"max-image-preview:large","max-video-preview":"max-video-preview:-1"},"canonical":"https:\/\/footner.be\/fr\/faq\/","og_locale":"fr_FR","og_type":"article","og_title":"FAQ - Footner","og_description":"Les chaussettes exfoliantes Footner peuvent-elles s\u2019employer plus d\u2019une fois? Puis-je utiliser les chaussettes Footner si j'ai les talons crevass\u00e9s?","og_url":"https:\/\/footner.be\/fr\/faq\/","og_site_name":"Footner","article_modified_time":"2025-06-18T12:13:10+00:00","twitter_card":"summary_large_image","twitter_misc":{"Est. reading time":"5 minutes"},"schema":{"@context":"https:\/\/schema.org","@graph":[{"@type":"WebPage","@id":"https:\/\/footner.be\/fr\/faq\/","url":"https:\/\/footner.be\/fr\/faq\/","name":"FAQ - Footner","isPartOf":{"@id":"https:\/\/footner.be\/fr\/#website"},"datePublished":"2022-07-15T08:39:40+00:00","dateModified":"2025-06-18T12:13:10+00:00","description":"Les chaussettes exfoliantes Footner peuvent-elles s\u2019employer plus d\u2019une fois? Puis-je utiliser les chaussettes Footner si j'ai les talons crevass\u00e9s?","breadcrumb":{"@id":"https:\/\/footner.be\/fr\/faq\/#breadcrumb"},"inLanguage":"fr-BE","potentialAction":[{"@type":"ReadAction","target":["https:\/\/footner.be\/fr\/faq\/"]}]},{"@type":"BreadcrumbList","@id":"https:\/\/footner.be\/fr\/faq\/#breadcrumb","itemListElement":[{"@type":"ListItem","position":1,"name":"Home","item":"https:\/\/footner.be\/fr\/"},{"@type":"ListItem","position":2,"name":"FAQ"}]},{"@type":"WebSite","@id":"https:\/\/footner.be\/fr\/#website","url":"https:\/\/footner.be\/fr\/","name":"Footner","description":"","publisher":{"@id":"https:\/\/footner.be\/fr\/#organization"},"potentialAction":[{"@type":"SearchAction","target":{"@type":"EntryPoint","urlTemplate":"https:\/\/footner.be\/fr\/?s={search_term_string}"},"query-input":{"@type":"PropertyValueSpecification","valueRequired":true,"valueName":"search_term_string"}}],"inLanguage":"fr-BE"},{"@type":"Organization","@id":"https:\/\/footner.be\/fr\/#organization","name":"Footner","url":"https:\/\/footner.be\/fr\/","logo":{"@type":"ImageObject","inLanguage":"fr-BE","@id":"https:\/\/footner.be\/fr\/#\/schema\/logo\/image\/","url":"https:\/\/footner.be\/app\/uploads\/2022\/07\/footner-logotype.png","contentUrl":"https:\/\/footner.be\/app\/uploads\/2022\/07\/footner-logotype.png","width":144,"height":32,"caption":"Footner"},"image":{"@id":"https:\/\/footner.be\/fr\/#\/schema\/logo\/image\/"}}]}},"_links":{"self":[{"href":"https:\/\/footner.be\/fr\/wp-json\/wp\/v2\/pages\/132","targetHints":{"allow":["GET"]}}],"collection":[{"href":"https:\/\/footner.be\/fr\/wp-json\/wp\/v2\/pages"}],"about":[{"href":"https:\/\/footner.be\/fr\/wp-json\/wp\/v2\/types\/page"}],"author":[{"embeddable":true,"href":"https:\/\/footner.be\/fr\/wp-json\/wp\/v2\/users\/2"}],"replies":[{"embeddable":true,"href":"https:\/\/footner.be\/fr\/wp-json\/wp\/v2\/comments?post=132"}],"version-history":[{"count":3,"href":"https:\/\/footner.be\/fr\/wp-json\/wp\/v2\/pages\/132\/revisions"}],"predecessor-version":[{"id":401,"href":"https:\/\/footner.be\/fr\/wp-json\/wp\/v2\/pages\/132\/revisions\/401"}],"wp:attachment":[{"href":"https:\/\/footner.be\/fr\/wp-json\/wp\/v2\/media?parent=132"}],"wp:term":[{"taxonomy":"from-article-database","embeddable":true,"href":"https:\/\/footner.be\/fr\/wp-json\/wp\/v2\/from-article-database?post=132"}],"curies":[{"name":"wp","href":"https:\/\/api.w.org\/{rel}","templated":true}]}}