{"id":129,"date":"2022-07-15T11:55:27","date_gmt":"2022-07-15T09:55:27","guid":{"rendered":"https:\/\/footner.be\/product\/footner-chaussettes-exfoliantes\/"},"modified":"2024-05-08T14:40:50","modified_gmt":"2024-05-08T12:40:50","slug":"footner-chaussettes-exfoliantes","status":"publish","type":"product","link":"https:\/\/footner.be\/fr\/produit\/footner-chaussettes-exfoliantes\/","title":{"rendered":"Footner Chaussettes Exfoliantes"},"content":{"rendered":"\n<div class=\"wp-block-karopharma-accordions is-style-secondary\"><div class=\"container\">\n<details class=\"wp-block-karopharma-accordion\"><summary><h2 class=\"accordion-title\">Instructions<\/h2><\/summary><div class=\"accordion-content\">\n<div class=\"wp-block-karopharma-several-images-with-text several-images-with-text\"><div class=\"container large col-1 content-align-none\" test-data=\"inner-content\">\n<section class=\"wp-block-karopharma-image-with-text image-with-text image-with-text__full-width\"><div class=\"image-with-text-container \"><div class=\"image-with-text-container-image-container\"><img decoding=\"async\" loading=\"lazy\" src=\"https:\/\/footner.be\/cdn-cgi\/image\/format=auto\/app\/uploads\/2022\/07\/instructions_sock_1.png\" alt=\"Instructies sock 1\"\/><\/div><div class=\"image-with-text-container-content\" style=\"text-align:left\" data-test=\"content\"><div class=\"content\"><p class=\"body\" data-test=\"body\">Coupez la chaussette en plastique avec des ciseaux selon les pointill\u00e9s.<\/p>\n<div class=\"wp-block-buttons is-layout-flex wp-block-buttons-is-layout-flex\"><\/div>\n<\/div><\/div><\/div><\/section>\n\n\n\n<section class=\"wp-block-karopharma-image-with-text image-with-text image-with-text__full-width\"><div class=\"image-with-text-container \"><div class=\"image-with-text-container-image-container\"><img decoding=\"async\" loading=\"lazy\" src=\"https:\/\/footner.be\/cdn-cgi\/image\/format=auto\/app\/uploads\/2022\/07\/instructions_sock_2.png\" alt=\"Instructies sock 2\"\/><\/div><div class=\"image-with-text-container-content\" style=\"text-align:left\" data-test=\"content\"><div class=\"content\"><p class=\"body\" data-test=\"body\">Mettez la Chaussette Exfoliante Footner \u00e0 votre pied et utilisez le ruban adh\u00e9sif pour fermer le dessus de la chaussette.<\/p>\n<div class=\"wp-block-buttons is-layout-flex wp-block-buttons-is-layout-flex\"><\/div>\n<\/div><\/div><\/div><\/section>\n\n\n\n<section class=\"wp-block-karopharma-image-with-text image-with-text image-with-text__full-width\"><div class=\"image-with-text-container \"><div class=\"image-with-text-container-image-container\"><img decoding=\"async\" loading=\"lazy\" src=\"https:\/\/footner.be\/cdn-cgi\/image\/format=auto\/app\/uploads\/2022\/07\/instructions_sock_3.png\" alt=\"Instructies sock 3\"\/><\/div><div class=\"image-with-text-container-content\" style=\"text-align:left\" data-test=\"content\"><div class=\"content\"><p class=\"body\" data-test=\"body\">Portez les chaussettes pendant 60 minutes.<\/p>\n<div class=\"wp-block-buttons is-layout-flex wp-block-buttons-is-layout-flex\"><\/div>\n<\/div><\/div><\/div><\/section>\n\n\n\n<section class=\"wp-block-karopharma-image-with-text image-with-text image-with-text__full-width\"><div class=\"image-with-text-container \"><div class=\"image-with-text-container-image-container\"><img decoding=\"async\" loading=\"lazy\" src=\"https:\/\/footner.be\/cdn-cgi\/image\/format=auto\/app\/uploads\/2022\/07\/instructions_sock_4.png\" alt=\"Instructies sock 4\"\/><\/div><div class=\"image-with-text-container-content\" style=\"text-align:left\" data-test=\"content\"><div class=\"content\"><p class=\"body\" data-test=\"body\">Lavez-vous les pieds. Il est recommand\u00e9 d\u2019utiliser les Chaussettes exfoliantes Footner tous les 2-3 mois pour avoir toujours les pieds ultradoux. Dans certains cas de peau dure, Footner peut ne pas \u00e9liminer la quantit\u00e9 de peau souhait\u00e9e en une seule application.<\/p>\n<div class=\"wp-block-buttons is-layout-flex wp-block-buttons-is-layout-flex\"><\/div>\n<\/div><\/div><\/div><\/section>\n<\/div><\/div>\n<\/div><\/details>\n<\/div><\/div>\n","protected":false},"excerpt":{"rendered":"<p>R\u00e9duit les callosit\u00e9s sur les talons en un seul traitement.<\/p>\n","protected":false},"featured_media":112,"comment_status":"closed","ping_status":"closed","template":"","meta":{"_acf_changed":false,"footnotes":""},"product_brand":[],"product_cat":[17],"product_tag":[],"class_list":{"0":"post-129","1":"product","2":"type-product","3":"status-publish","4":"has-post-thumbnail","6":"product_cat-uncategorized","8":"first","9":"instock","10":"shipping-taxable","11":"product-type-simple"},"acf":[],"yoast_head":"<!-- This site is optimized with the Yoast SEO plugin v26.6 - https:\/\/yoast.com\/wordpress\/plugins\/seo\/ -->\n<title>Footner Chaussettes Exfoliantes - Footner<\/title>\n<meta name=\"description\" content=\"L\u2019utilisation des Chaussettes exfoliantes Footner est une solution simple et rapide pour se d\u00e9barrasser de la peau dure, s\u00e8che et fissur\u00e9e !\" \/>\n<meta name=\"robots\" content=\"index, follow, max-snippet:-1, max-image-preview:large, max-video-preview:-1\" \/>\n<link rel=\"canonical\" href=\"https:\/\/footner.be\/fr\/produit\/footner-chaussettes-exfoliantes\/\" \/>\n<meta property=\"og:locale\" content=\"fr_FR\" \/>\n<meta property=\"og:type\" content=\"article\" \/>\n<meta property=\"og:title\" content=\"Footner Chaussettes Exfoliantes - Footner\" \/>\n<meta property=\"og:description\" content=\"L\u2019utilisation des Chaussettes exfoliantes Footner est une solution simple et rapide pour se d\u00e9barrasser de la peau dure, s\u00e8che et fissur\u00e9e !\" \/>\n<meta property=\"og:url\" content=\"https:\/\/footner.be\/fr\/produit\/footner-chaussettes-exfoliantes\/\" \/>\n<meta property=\"og:site_name\" content=\"Footner\" \/>\n<meta property=\"article:modified_time\" content=\"2024-05-08T12:40:50+00:00\" \/>\n<meta property=\"og:image\" content=\"https:\/\/footner.be\/app\/uploads\/2022\/07\/footner_exfoliatingsocks.png\" \/>\n\t<meta property=\"og:image:width\" content=\"1000\" \/>\n\t<meta property=\"og:image:height\" content=\"1000\" \/>\n\t<meta property=\"og:image:type\" content=\"image\/png\" \/>\n<meta name=\"twitter:card\" content=\"summary_large_image\" \/>\n<meta name=\"twitter:label1\" content=\"Est. reading time\" \/>\n\t<meta name=\"twitter:data1\" content=\"2 minutes\" \/>\n<script type=\"application\/ld+json\" class=\"yoast-schema-graph\">{\"@context\":\"https:\/\/schema.org\",\"@graph\":[{\"@type\":\"WebPage\",\"@id\":\"https:\/\/footner.be\/fr\/produit\/footner-chaussettes-exfoliantes\/\",\"url\":\"https:\/\/footner.be\/fr\/produit\/footner-chaussettes-exfoliantes\/\",\"name\":\"Footner Chaussettes Exfoliantes - Footner\",\"isPartOf\":{\"@id\":\"https:\/\/footner.be\/fr\/#website\"},\"primaryImageOfPage\":{\"@id\":\"https:\/\/footner.be\/fr\/produit\/footner-chaussettes-exfoliantes\/#primaryimage\"},\"image\":{\"@id\":\"https:\/\/footner.be\/fr\/produit\/footner-chaussettes-exfoliantes\/#primaryimage\"},\"thumbnailUrl\":\"https:\/\/footner.be\/app\/uploads\/2022\/07\/footner_exfoliatingsocks.png\",\"datePublished\":\"2022-07-15T09:55:27+00:00\",\"dateModified\":\"2024-05-08T12:40:50+00:00\",\"description\":\"L\u2019utilisation des Chaussettes exfoliantes Footner est une solution simple et rapide pour se d\u00e9barrasser de la peau dure, s\u00e8che et fissur\u00e9e !\",\"breadcrumb\":{\"@id\":\"https:\/\/footner.be\/fr\/produit\/footner-chaussettes-exfoliantes\/#breadcrumb\"},\"inLanguage\":\"fr-BE\",\"potentialAction\":[{\"@type\":\"ReadAction\",\"target\":[\"https:\/\/footner.be\/fr\/produit\/footner-chaussettes-exfoliantes\/\"]}]},{\"@type\":\"ImageObject\",\"inLanguage\":\"fr-BE\",\"@id\":\"https:\/\/footner.be\/fr\/produit\/footner-chaussettes-exfoliantes\/#primaryimage\",\"url\":\"https:\/\/footner.be\/app\/uploads\/2022\/07\/footner_exfoliatingsocks.png\",\"contentUrl\":\"https:\/\/footner.be\/app\/uploads\/2022\/07\/footner_exfoliatingsocks.png\",\"width\":1000,\"height\":1000,\"caption\":\"Footner Chaussettes Exfoliantes\"},{\"@type\":\"BreadcrumbList\",\"@id\":\"https:\/\/footner.be\/fr\/produit\/footner-chaussettes-exfoliantes\/#breadcrumb\",\"itemListElement\":[{\"@type\":\"ListItem\",\"position\":1,\"name\":\"Home\",\"item\":\"https:\/\/footner.be\/fr\/\"},{\"@type\":\"ListItem\",\"position\":2,\"name\":\"Produit\",\"item\":\"https:\/\/footner.be\/fr\/produit\/\"},{\"@type\":\"ListItem\",\"position\":3,\"name\":\"Footner Chaussettes Exfoliantes\"}]},{\"@type\":\"WebSite\",\"@id\":\"https:\/\/footner.be\/fr\/#website\",\"url\":\"https:\/\/footner.be\/fr\/\",\"name\":\"Footner\",\"description\":\"\",\"publisher\":{\"@id\":\"https:\/\/footner.be\/fr\/#organization\"},\"potentialAction\":[{\"@type\":\"SearchAction\",\"target\":{\"@type\":\"EntryPoint\",\"urlTemplate\":\"https:\/\/footner.be\/fr\/?s={search_term_string}\"},\"query-input\":{\"@type\":\"PropertyValueSpecification\",\"valueRequired\":true,\"valueName\":\"search_term_string\"}}],\"inLanguage\":\"fr-BE\"},{\"@type\":\"Organization\",\"@id\":\"https:\/\/footner.be\/fr\/#organization\",\"name\":\"Footner\",\"url\":\"https:\/\/footner.be\/fr\/\",\"logo\":{\"@type\":\"ImageObject\",\"inLanguage\":\"fr-BE\",\"@id\":\"https:\/\/footner.be\/fr\/#\/schema\/logo\/image\/\",\"url\":\"https:\/\/footner.be\/app\/uploads\/2022\/07\/footner-logotype.png\",\"contentUrl\":\"https:\/\/footner.be\/app\/uploads\/2022\/07\/footner-logotype.png\",\"width\":144,\"height\":32,\"caption\":\"Footner\"},\"image\":{\"@id\":\"https:\/\/footner.be\/fr\/#\/schema\/logo\/image\/\"}}]}<\/script>\n<!-- \/ Yoast SEO plugin. -->","yoast_head_json":{"title":"Footner Chaussettes Exfoliantes - Footner","description":"L\u2019utilisation des Chaussettes exfoliantes Footner est une solution simple et rapide pour se d\u00e9barrasser de la peau dure, s\u00e8che et fissur\u00e9e !","robots":{"index":"index","follow":"follow","max-snippet":"max-snippet:-1","max-image-preview":"max-image-preview:large","max-video-preview":"max-video-preview:-1"},"canonical":"https:\/\/footner.be\/fr\/produit\/footner-chaussettes-exfoliantes\/","og_locale":"fr_FR","og_type":"article","og_title":"Footner Chaussettes Exfoliantes - Footner","og_description":"L\u2019utilisation des Chaussettes exfoliantes Footner est une solution simple et rapide pour se d\u00e9barrasser de la peau dure, s\u00e8che et fissur\u00e9e !","og_url":"https:\/\/footner.be\/fr\/produit\/footner-chaussettes-exfoliantes\/","og_site_name":"Footner","article_modified_time":"2024-05-08T12:40:50+00:00","og_image":[{"width":1000,"height":1000,"url":"https:\/\/footner.be\/app\/uploads\/2022\/07\/footner_exfoliatingsocks.png","type":"image\/png"}],"twitter_card":"summary_large_image","twitter_misc":{"Est. reading time":"2 minutes"},"schema":{"@context":"https:\/\/schema.org","@graph":[{"@type":"WebPage","@id":"https:\/\/footner.be\/fr\/produit\/footner-chaussettes-exfoliantes\/","url":"https:\/\/footner.be\/fr\/produit\/footner-chaussettes-exfoliantes\/","name":"Footner Chaussettes Exfoliantes - Footner","isPartOf":{"@id":"https:\/\/footner.be\/fr\/#website"},"primaryImageOfPage":{"@id":"https:\/\/footner.be\/fr\/produit\/footner-chaussettes-exfoliantes\/#primaryimage"},"image":{"@id":"https:\/\/footner.be\/fr\/produit\/footner-chaussettes-exfoliantes\/#primaryimage"},"thumbnailUrl":"https:\/\/footner.be\/app\/uploads\/2022\/07\/footner_exfoliatingsocks.png","datePublished":"2022-07-15T09:55:27+00:00","dateModified":"2024-05-08T12:40:50+00:00","description":"L\u2019utilisation des Chaussettes exfoliantes Footner est une solution simple et rapide pour se d\u00e9barrasser de la peau dure, s\u00e8che et fissur\u00e9e !","breadcrumb":{"@id":"https:\/\/footner.be\/fr\/produit\/footner-chaussettes-exfoliantes\/#breadcrumb"},"inLanguage":"fr-BE","potentialAction":[{"@type":"ReadAction","target":["https:\/\/footner.be\/fr\/produit\/footner-chaussettes-exfoliantes\/"]}]},{"@type":"ImageObject","inLanguage":"fr-BE","@id":"https:\/\/footner.be\/fr\/produit\/footner-chaussettes-exfoliantes\/#primaryimage","url":"https:\/\/footner.be\/app\/uploads\/2022\/07\/footner_exfoliatingsocks.png","contentUrl":"https:\/\/footner.be\/app\/uploads\/2022\/07\/footner_exfoliatingsocks.png","width":1000,"height":1000,"caption":"Footner Chaussettes Exfoliantes"},{"@type":"BreadcrumbList","@id":"https:\/\/footner.be\/fr\/produit\/footner-chaussettes-exfoliantes\/#breadcrumb","itemListElement":[{"@type":"ListItem","position":1,"name":"Home","item":"https:\/\/footner.be\/fr\/"},{"@type":"ListItem","position":2,"name":"Produit","item":"https:\/\/footner.be\/fr\/produit\/"},{"@type":"ListItem","position":3,"name":"Footner Chaussettes Exfoliantes"}]},{"@type":"WebSite","@id":"https:\/\/footner.be\/fr\/#website","url":"https:\/\/footner.be\/fr\/","name":"Footner","description":"","publisher":{"@id":"https:\/\/footner.be\/fr\/#organization"},"potentialAction":[{"@type":"SearchAction","target":{"@type":"EntryPoint","urlTemplate":"https:\/\/footner.be\/fr\/?s={search_term_string}"},"query-input":{"@type":"PropertyValueSpecification","valueRequired":true,"valueName":"search_term_string"}}],"inLanguage":"fr-BE"},{"@type":"Organization","@id":"https:\/\/footner.be\/fr\/#organization","name":"Footner","url":"https:\/\/footner.be\/fr\/","logo":{"@type":"ImageObject","inLanguage":"fr-BE","@id":"https:\/\/footner.be\/fr\/#\/schema\/logo\/image\/","url":"https:\/\/footner.be\/app\/uploads\/2022\/07\/footner-logotype.png","contentUrl":"https:\/\/footner.be\/app\/uploads\/2022\/07\/footner-logotype.png","width":144,"height":32,"caption":"Footner"},"image":{"@id":"https:\/\/footner.be\/fr\/#\/schema\/logo\/image\/"}}]}},"_links":{"self":[{"href":"https:\/\/footner.be\/fr\/wp-json\/wp\/v2\/product\/129","targetHints":{"allow":["GET"]}}],"collection":[{"href":"https:\/\/footner.be\/fr\/wp-json\/wp\/v2\/product"}],"about":[{"href":"https:\/\/footner.be\/fr\/wp-json\/wp\/v2\/types\/product"}],"replies":[{"embeddable":true,"href":"https:\/\/footner.be\/fr\/wp-json\/wp\/v2\/comments?post=129"}],"version-history":[{"count":6,"href":"https:\/\/footner.be\/fr\/wp-json\/wp\/v2\/product\/129\/revisions"}],"predecessor-version":[{"id":389,"href":"https:\/\/footner.be\/fr\/wp-json\/wp\/v2\/product\/129\/revisions\/389"}],"wp:featuredmedia":[{"embeddable":true,"href":"https:\/\/footner.be\/fr\/wp-json\/wp\/v2\/media\/112"}],"wp:attachment":[{"href":"https:\/\/footner.be\/fr\/wp-json\/wp\/v2\/media?parent=129"}],"wp:term":[{"taxonomy":"product_brand","embeddable":true,"href":"https:\/\/footner.be\/fr\/wp-json\/wp\/v2\/product_brand?post=129"},{"taxonomy":"product_cat","embeddable":true,"href":"https:\/\/footner.be\/fr\/wp-json\/wp\/v2\/product_cat?post=129"},{"taxonomy":"product_tag","embeddable":true,"href":"https:\/\/footner.be\/fr\/wp-json\/wp\/v2\/product_tag?post=129"}],"curies":[{"name":"wp","href":"https:\/\/api.w.org\/{rel}","templated":true}]}}