{"id":46,"date":"2022-07-15T10:40:10","date_gmt":"2022-07-15T08:40:10","guid":{"rendered":"https:\/\/footner.be\/?page_id=46"},"modified":"2024-01-08T14:54:07","modified_gmt":"2024-01-08T13:54:07","slug":"over-footner","status":"publish","type":"page","link":"https:\/\/footner.be\/nl\/over-footner\/","title":{"rendered":"Over Footner"},"content":{"rendered":"\n<div class=\"wp-block-karopharma-background-image-with-text-v2 background-image-with-text-v2 undefined content-position-center fixed-height-layout\" datatest=\"root\"><div class=\"background-image-with-text-wrapper\"><picture class=\"background-image-with-text-image\"><source media=\"(max-width: 560px)\" srcset=\"https:\/\/footner.be\/cdn-cgi\/image\/format=auto,width=560\/app\/uploads\/2022\/07\/start-footner.jpg\"\/><source media=\"(max-width: 800px)\" srcset=\"https:\/\/footner.be\/cdn-cgi\/image\/format=auto,width=800\/app\/uploads\/2022\/07\/start-footner.jpg\"\/><source media=\"(max-width: 1920px)\" srcset=\"https:\/\/footner.be\/cdn-cgi\/image\/format=auto,width=1920\/app\/uploads\/2022\/07\/start-footner.jpg\"\/><img decoding=\"async\" width=\"1640\" height=\"680\" datatest=\"background-image\" loading=\"lazy\" class=\"object-center object-cover\" src=\"https:\/\/footner.be\/cdn-cgi\/image\/format=auto\/app\/uploads\/2022\/07\/start-footner.jpg\" alt=\"start-footner\"\/><\/picture><div datatest=\"content-wrapper\" class=\"background-image-with-text-content-wrapper container max-w-medium text-alignment-left  pt-large pb-large\"><div class=\"content\"><h1 datatest=\"heading\" class=\"\">Over Footner<\/h1>\n<div class=\"wp-block-buttons is-layout-flex wp-block-buttons-is-layout-flex\"><\/div>\n<\/div><\/div><\/div><\/div>\n\n\n\n<div class=\"wp-block-karopharma-free-text pt-large pb-large bg-center bg-cover bg-no-repeat  is-style-primary\" style=\"background-image:url()\"><div class=\"free-text-wrapper container max-w-medium text-left\">\n<p class=\"is-style-paragraph-preamble\">Footner is ontwikkeld om uw voeten mooi en gaaf te houden, zodat u zelfverzekerd op stap kunt.<\/p>\n\n\n\n<p class=\"is-style-paragraph-preamble\">De Footner Exfoli\u00ebrende Sokken maken gebruik van het natuurlijke vervellingsmechanisme van de huid.<br>Na \u00e9\u00e9n enkele teopassing zullen uw voeten gaan vervellen. Ze zullen weer gaaf en babyzacht aanvoelen.<\/p>\n\n\n\n<p class=\"is-style-paragraph-preamble\">Vaarwel voetvijl en hallo zachte voetjes!<\/p>\n<\/div><\/div>\n\n\n<div class=\"product-list wp-block-karopharma-product-list\" data-testid=\"product-list\">\n      <div class=\"swiper-container\">\n      <div class=\"swiper\">\n        <div class=\"swiper-wrapper\">\n                      <div class=\"swiper-slide\">\n              <div class=\"product-card\" data-testid=\"product-card\">\n  <a\n    href=https:\/\/footner.be\/nl\/product\/footner-exfolierende-sokken\/\n    class=\"product-card-link\"\n    title=\"Footner Exfoli\u00ebrende Sokken\"\n  >\n  <figure class=\"product-card-image\" data-testid=\"product-image\">\n                          <img decoding=\"async\" src=\"https:\/\/footner.be\/cdn-cgi\/image\/width=700,format=auto\/app\/uploads\/2022\/07\/footner_exfoliatingsocks.png\"\n        srcset=\"https:\/\/footner.be\/cdn-cgi\/image\/width=250,format=auto\/app\/uploads\/2022\/07\/footner_exfoliatingsocks.png 250w,\n                https:\/\/footner.be\/cdn-cgi\/image\/width=500,format=auto\/app\/uploads\/2022\/07\/footner_exfoliatingsocks.png 500w,\n                https:\/\/footner.be\/cdn-cgi\/image\/width=700,format=auto\/app\/uploads\/2022\/07\/footner_exfoliatingsocks.png 700w\"\n        sizes=\"(max-width: 400px) 250px, (max-width: 800px) 500px, 700px\"\n        alt=\"Footner Exfoli\u00ebrende Sokken\"\n        class=\"img\">\n            <\/figure>\n    <div class=\"product-card-content\">\n      <div class=\"heading-wrapper\">\n        <h2 class=\"heading\">Footner Exfoli\u00ebrende Sokken<\/h2>\n      <\/div>\n      <div class=\"product-card-description\">Verwijdert eelt binnen \u00e9\u00e9n behandeling<\/div>\n                      <\/div>\n  <\/a>\n          <div class=\"button-wrapper buy-now \" data-testid=\"buy-now\">\n      <div class=\"buy-now-container dropdown-container\">\n      <div class=\"theme-button button-primary-color dropdown-link\" aria-label=\"Bestel nu\">\n          Bestel nu <i class=\"dropdown\"><\/i>\n      <\/div>\n      <ul class=\"reseller-list submenu\">\n                    <li>\n              <a\n                href=\"https:\/\/www.farmaline.be\/nl\/beauty-en-lichaamsverzorging\/BE03905452\/footner-exfoliating-socks-1pr.htm\" onclick=\"dataLayer.push({'event':'ga_event', 'eventCategory':'Click on Reseller', 'eventAction':'Farmaline', 'eventLabel':'Footner Exfoli\u00ebrende Sokken', 'eventValue': undefined})\" rel=\"noopener\" target=\"_blank\" title=\"Farmaline\"\n                data-testid=\"buy-now-reseller\">\n                <i class=\"fa-solid fa-arrow-right\"><\/i> Farmaline\n              <\/a>\n          <\/li>\n                    <li>\n              <a\n                href=\"https:\/\/www.newpharma.be\/apotheek\/footner\/649113\/footner-exfolierende-sokken-1-paar.html\" onclick=\"dataLayer.push({'event':'ga_event', 'eventCategory':'Click on Reseller', 'eventAction':'Newpharma', 'eventLabel':'Footner Exfoli\u00ebrende Sokken', 'eventValue': undefined})\" rel=\"noopener\" target=\"_blank\" title=\"Newpharma\"\n                data-testid=\"buy-now-reseller\">\n                <i class=\"fa-solid fa-arrow-right\"><\/i> Newpharma\n              <\/a>\n          <\/li>\n                    <li>\n              <a\n                href=\"https:\/\/www.pharmamarket.be\/be_nl\/footner-exfoliating-socks-1-paar.html\" onclick=\"dataLayer.push({'event':'ga_event', 'eventCategory':'Click on Reseller', 'eventAction':'PharmaMarket', 'eventLabel':'Footner Exfoli\u00ebrende Sokken', 'eventValue': undefined})\" rel=\"noopener\" target=\"_blank\" title=\"PharmaMarket\"\n                data-testid=\"buy-now-reseller\">\n                <i class=\"fa-solid fa-arrow-right\"><\/i> PharmaMarket\n              <\/a>\n          <\/li>\n                    <li>\n              <a\n                href=\"https:\/\/www.viata.be\/footner-exfoliating-socks-kit-1-stuks-nl\" onclick=\"dataLayer.push({'event':'ga_event', 'eventCategory':'Click on Reseller', 'eventAction':'Viata', 'eventLabel':'Footner Exfoli\u00ebrende Sokken', 'eventValue': undefined})\" rel=\"noopener\" target=\"_blank\" title=\"Viata\"\n                data-testid=\"buy-now-reseller\">\n                <i class=\"fa-solid fa-arrow-right\"><\/i> Viata\n              <\/a>\n          <\/li>\n                <\/ul>\n    <\/div>\n  <\/div>\n  <\/div>\n            <\/div>\n                  <\/div>\n        <div class=\"swiper-scrollbar\"><\/div>\n      <\/div>\n    <\/div>\n  <\/div>\n","protected":false},"excerpt":{"rendered":"","protected":false},"author":2,"featured_media":0,"parent":0,"menu_order":0,"comment_status":"closed","ping_status":"closed","template":"","meta":{"_acf_changed":false,"footnotes":""},"from-article-database":[],"class_list":["post-46","page","type-page","status-publish","hentry"],"acf":[],"yoast_head":"<!-- This site is optimized with the Yoast SEO plugin v26.6 - https:\/\/yoast.com\/wordpress\/plugins\/seo\/ -->\n<title>Over Footner - Footner<\/title>\n<meta name=\"description\" content=\"Footner is ontwikkeld om uw voeten mooi en gaaf te houden, zodat u zelfverzekerd op stap kunt.\" \/>\n<meta name=\"robots\" content=\"index, follow, max-snippet:-1, max-image-preview:large, max-video-preview:-1\" \/>\n<link rel=\"canonical\" href=\"https:\/\/footner.be\/nl\/over-footner\/\" \/>\n<meta property=\"og:locale\" content=\"nl_BE\" \/>\n<meta property=\"og:type\" content=\"article\" \/>\n<meta property=\"og:title\" content=\"Over Footner - Footner\" \/>\n<meta property=\"og:description\" content=\"Footner is ontwikkeld om uw voeten mooi en gaaf te houden, zodat u zelfverzekerd op stap kunt.\" \/>\n<meta property=\"og:url\" content=\"https:\/\/footner.be\/nl\/over-footner\/\" \/>\n<meta property=\"og:site_name\" content=\"Footner\" \/>\n<meta property=\"article:modified_time\" content=\"2024-01-08T13:54:07+00:00\" \/>\n<meta property=\"og:image\" content=\"https:\/\/footner.be\/cdn-cgi\/image\/format=auto\/app\/uploads\/2022\/07\/start-footner.jpg\" \/>\n<meta name=\"twitter:card\" content=\"summary_large_image\" \/>\n<meta name=\"twitter:label1\" content=\"Geschatte leestijd\" \/>\n\t<meta name=\"twitter:data1\" content=\"1 minuut\" \/>\n<script type=\"application\/ld+json\" class=\"yoast-schema-graph\">{\"@context\":\"https:\/\/schema.org\",\"@graph\":[{\"@type\":\"WebPage\",\"@id\":\"https:\/\/footner.be\/nl\/over-footner\/\",\"url\":\"https:\/\/footner.be\/nl\/over-footner\/\",\"name\":\"Over Footner - Footner\",\"isPartOf\":{\"@id\":\"https:\/\/footner.be\/nl\/#website\"},\"primaryImageOfPage\":{\"@id\":\"https:\/\/footner.be\/nl\/over-footner\/#primaryimage\"},\"image\":{\"@id\":\"https:\/\/footner.be\/nl\/over-footner\/#primaryimage\"},\"thumbnailUrl\":\"https:\/\/footner.be\/cdn-cgi\/image\/format=auto\/app\/uploads\/2022\/07\/start-footner.jpg\",\"datePublished\":\"2022-07-15T08:40:10+00:00\",\"dateModified\":\"2024-01-08T13:54:07+00:00\",\"description\":\"Footner is ontwikkeld om uw voeten mooi en gaaf te houden, zodat u zelfverzekerd op stap kunt.\",\"breadcrumb\":{\"@id\":\"https:\/\/footner.be\/nl\/over-footner\/#breadcrumb\"},\"inLanguage\":\"nl-BE\",\"potentialAction\":[{\"@type\":\"ReadAction\",\"target\":[\"https:\/\/footner.be\/nl\/over-footner\/\"]}]},{\"@type\":\"ImageObject\",\"inLanguage\":\"nl-BE\",\"@id\":\"https:\/\/footner.be\/nl\/over-footner\/#primaryimage\",\"url\":\"https:\/\/footner.be\/cdn-cgi\/image\/format=auto\/app\/uploads\/2022\/07\/start-footner.jpg\",\"contentUrl\":\"https:\/\/footner.be\/cdn-cgi\/image\/format=auto\/app\/uploads\/2022\/07\/start-footner.jpg\"},{\"@type\":\"BreadcrumbList\",\"@id\":\"https:\/\/footner.be\/nl\/over-footner\/#breadcrumb\",\"itemListElement\":[{\"@type\":\"ListItem\",\"position\":1,\"name\":\"Home\",\"item\":\"https:\/\/footner.be\/nl\/\"},{\"@type\":\"ListItem\",\"position\":2,\"name\":\"Over Footner\"}]},{\"@type\":\"WebSite\",\"@id\":\"https:\/\/footner.be\/nl\/#website\",\"url\":\"https:\/\/footner.be\/nl\/\",\"name\":\"Footner\",\"description\":\"\",\"publisher\":{\"@id\":\"https:\/\/footner.be\/nl\/#organization\"},\"potentialAction\":[{\"@type\":\"SearchAction\",\"target\":{\"@type\":\"EntryPoint\",\"urlTemplate\":\"https:\/\/footner.be\/nl\/?s={search_term_string}\"},\"query-input\":{\"@type\":\"PropertyValueSpecification\",\"valueRequired\":true,\"valueName\":\"search_term_string\"}}],\"inLanguage\":\"nl-BE\"},{\"@type\":\"Organization\",\"@id\":\"https:\/\/footner.be\/nl\/#organization\",\"name\":\"Footner\",\"url\":\"https:\/\/footner.be\/nl\/\",\"logo\":{\"@type\":\"ImageObject\",\"inLanguage\":\"nl-BE\",\"@id\":\"https:\/\/footner.be\/nl\/#\/schema\/logo\/image\/\",\"url\":\"https:\/\/footner.be\/app\/uploads\/2022\/07\/footner-logotype.png\",\"contentUrl\":\"https:\/\/footner.be\/app\/uploads\/2022\/07\/footner-logotype.png\",\"width\":144,\"height\":32,\"caption\":\"Footner\"},\"image\":{\"@id\":\"https:\/\/footner.be\/nl\/#\/schema\/logo\/image\/\"}}]}<\/script>\n<!-- \/ Yoast SEO plugin. -->","yoast_head_json":{"title":"Over Footner - Footner","description":"Footner is ontwikkeld om uw voeten mooi en gaaf te houden, zodat u zelfverzekerd op stap kunt.","robots":{"index":"index","follow":"follow","max-snippet":"max-snippet:-1","max-image-preview":"max-image-preview:large","max-video-preview":"max-video-preview:-1"},"canonical":"https:\/\/footner.be\/nl\/over-footner\/","og_locale":"nl_BE","og_type":"article","og_title":"Over Footner - Footner","og_description":"Footner is ontwikkeld om uw voeten mooi en gaaf te houden, zodat u zelfverzekerd op stap kunt.","og_url":"https:\/\/footner.be\/nl\/over-footner\/","og_site_name":"Footner","article_modified_time":"2024-01-08T13:54:07+00:00","og_image":[{"url":"https:\/\/footner.be\/cdn-cgi\/image\/format=auto\/app\/uploads\/2022\/07\/start-footner.jpg","type":"","width":"","height":""}],"twitter_card":"summary_large_image","twitter_misc":{"Geschatte leestijd":"1 minuut"},"schema":{"@context":"https:\/\/schema.org","@graph":[{"@type":"WebPage","@id":"https:\/\/footner.be\/nl\/over-footner\/","url":"https:\/\/footner.be\/nl\/over-footner\/","name":"Over Footner - Footner","isPartOf":{"@id":"https:\/\/footner.be\/nl\/#website"},"primaryImageOfPage":{"@id":"https:\/\/footner.be\/nl\/over-footner\/#primaryimage"},"image":{"@id":"https:\/\/footner.be\/nl\/over-footner\/#primaryimage"},"thumbnailUrl":"https:\/\/footner.be\/cdn-cgi\/image\/format=auto\/app\/uploads\/2022\/07\/start-footner.jpg","datePublished":"2022-07-15T08:40:10+00:00","dateModified":"2024-01-08T13:54:07+00:00","description":"Footner is ontwikkeld om uw voeten mooi en gaaf te houden, zodat u zelfverzekerd op stap kunt.","breadcrumb":{"@id":"https:\/\/footner.be\/nl\/over-footner\/#breadcrumb"},"inLanguage":"nl-BE","potentialAction":[{"@type":"ReadAction","target":["https:\/\/footner.be\/nl\/over-footner\/"]}]},{"@type":"ImageObject","inLanguage":"nl-BE","@id":"https:\/\/footner.be\/nl\/over-footner\/#primaryimage","url":"https:\/\/footner.be\/cdn-cgi\/image\/format=auto\/app\/uploads\/2022\/07\/start-footner.jpg","contentUrl":"https:\/\/footner.be\/cdn-cgi\/image\/format=auto\/app\/uploads\/2022\/07\/start-footner.jpg"},{"@type":"BreadcrumbList","@id":"https:\/\/footner.be\/nl\/over-footner\/#breadcrumb","itemListElement":[{"@type":"ListItem","position":1,"name":"Home","item":"https:\/\/footner.be\/nl\/"},{"@type":"ListItem","position":2,"name":"Over Footner"}]},{"@type":"WebSite","@id":"https:\/\/footner.be\/nl\/#website","url":"https:\/\/footner.be\/nl\/","name":"Footner","description":"","publisher":{"@id":"https:\/\/footner.be\/nl\/#organization"},"potentialAction":[{"@type":"SearchAction","target":{"@type":"EntryPoint","urlTemplate":"https:\/\/footner.be\/nl\/?s={search_term_string}"},"query-input":{"@type":"PropertyValueSpecification","valueRequired":true,"valueName":"search_term_string"}}],"inLanguage":"nl-BE"},{"@type":"Organization","@id":"https:\/\/footner.be\/nl\/#organization","name":"Footner","url":"https:\/\/footner.be\/nl\/","logo":{"@type":"ImageObject","inLanguage":"nl-BE","@id":"https:\/\/footner.be\/nl\/#\/schema\/logo\/image\/","url":"https:\/\/footner.be\/app\/uploads\/2022\/07\/footner-logotype.png","contentUrl":"https:\/\/footner.be\/app\/uploads\/2022\/07\/footner-logotype.png","width":144,"height":32,"caption":"Footner"},"image":{"@id":"https:\/\/footner.be\/nl\/#\/schema\/logo\/image\/"}}]}},"_links":{"self":[{"href":"https:\/\/footner.be\/nl\/wp-json\/wp\/v2\/pages\/46","targetHints":{"allow":["GET"]}}],"collection":[{"href":"https:\/\/footner.be\/nl\/wp-json\/wp\/v2\/pages"}],"about":[{"href":"https:\/\/footner.be\/nl\/wp-json\/wp\/v2\/types\/page"}],"author":[{"embeddable":true,"href":"https:\/\/footner.be\/nl\/wp-json\/wp\/v2\/users\/2"}],"replies":[{"embeddable":true,"href":"https:\/\/footner.be\/nl\/wp-json\/wp\/v2\/comments?post=46"}],"version-history":[{"count":5,"href":"https:\/\/footner.be\/nl\/wp-json\/wp\/v2\/pages\/46\/revisions"}],"predecessor-version":[{"id":372,"href":"https:\/\/footner.be\/nl\/wp-json\/wp\/v2\/pages\/46\/revisions\/372"}],"wp:attachment":[{"href":"https:\/\/footner.be\/nl\/wp-json\/wp\/v2\/media?parent=46"}],"wp:term":[{"taxonomy":"from-article-database","embeddable":true,"href":"https:\/\/footner.be\/nl\/wp-json\/wp\/v2\/from-article-database?post=46"}],"curies":[{"name":"wp","href":"https:\/\/api.w.org\/{rel}","templated":true}]}}